{"id":5528,"date":"2025-03-24T13:58:05","date_gmt":"2025-03-24T17:58:05","guid":{"rendered":"https:\/\/ppgedumat.ufms.br\/?page_id=5528"},"modified":"2025-06-16T10:36:49","modified_gmt":"2025-06-16T14:36:49","slug":"projetostecnologia","status":"publish","type":"page","link":"https:\/\/ppgedumat.ufms.br\/en\/projetostecnologia\/","title":{"rendered":"(Portugu\u00eas do Brasil) PROJETOS DA LINHA DE PESQUISA: Tecnologias e Educa\u00e7\u00e3o Matem\u00e1tica"},"content":{"rendered":"<p class=\"qtranxs-available-languages-message qtranxs-available-languages-message-en\">Sorry, this entry is only available in <a href=\"https:\/\/ppgedumat.ufms.br\/pb\/wp-json\/wp\/v2\/pages\/5528\" class=\"qtranxs-available-language-link qtranxs-available-language-link-pb\" title=\"Portugu\u00eas do Brasil\">Portugu\u00eas do Brasil<\/a>.<\/p>","protected":false},"excerpt":{"rendered":"<p>Sorry, this entry is only available in Portugu\u00eas do Brasil.<\/p>\n","protected":false},"author":41319,"featured_media":0,"parent":0,"menu_order":0,"comment_status":"closed","ping_status":"closed","template":"","meta":{"ngg_post_thumbnail":0,"footnotes":""},"coauthors":[12],"class_list":["post-5528","page","type-page","status-publish","hentry"],"_links":{"self":[{"href":"https:\/\/ppgedumat.ufms.br\/en\/wp-json\/wp\/v2\/pages\/5528","targetHints":{"allow":["GET"]}}],"collection":[{"href":"https:\/\/ppgedumat.ufms.br\/en\/wp-json\/wp\/v2\/pages"}],"about":[{"href":"https:\/\/ppgedumat.ufms.br\/en\/wp-json\/wp\/v2\/types\/page"}],"author":[{"embeddable":true,"href":"https:\/\/ppgedumat.ufms.br\/en\/wp-json\/wp\/v2\/users\/41319"}],"replies":[{"embeddable":true,"href":"https:\/\/ppgedumat.ufms.br\/en\/wp-json\/wp\/v2\/comments?post=5528"}],"version-history":[{"count":13,"href":"https:\/\/ppgedumat.ufms.br\/en\/wp-json\/wp\/v2\/pages\/5528\/revisions"}],"predecessor-version":[{"id":5865,"href":"https:\/\/ppgedumat.ufms.br\/en\/wp-json\/wp\/v2\/pages\/5528\/revisions\/5865"}],"wp:attachment":[{"href":"https:\/\/ppgedumat.ufms.br\/en\/wp-json\/wp\/v2\/media?parent=5528"}],"wp:term":[{"taxonomy":"author","embeddable":true,"href":"https:\/\/ppgedumat.ufms.br\/en\/wp-json\/wp\/v2\/coauthors?post=5528"}],"curies":[{"name":"wp","href":"https:\/\/api.w.org\/{rel}","templated":true}]}}