{"id":5498,"date":"2025-03-23T19:30:44","date_gmt":"2025-03-23T23:30:44","guid":{"rendered":"https:\/\/ppgedumat.ufms.br\/?page_id=5498"},"modified":"2025-06-11T20:52:44","modified_gmt":"2025-06-12T00:52:44","slug":"projetoshistoria","status":"publish","type":"page","link":"https:\/\/ppgedumat.ufms.br\/en\/projetoshistoria\/","title":{"rendered":"(Portugu\u00eas do Brasil) PROJETOS DA LINHA DE PESQUISA: Hist\u00f3ria, Filosofia e Educa\u00e7\u00e3o Matem\u00e1tica"},"content":{"rendered":"<p class=\"qtranxs-available-languages-message qtranxs-available-languages-message-en\">Sorry, this entry is only available in <a href=\"https:\/\/ppgedumat.ufms.br\/pb\/wp-json\/wp\/v2\/pages\/5498\" class=\"qtranxs-available-language-link qtranxs-available-language-link-pb\" title=\"Portugu\u00eas do Brasil\">Portugu\u00eas do Brasil<\/a>.<\/p>","protected":false},"excerpt":{"rendered":"<p>Sorry, this entry is only available in Portugu\u00eas do Brasil.<\/p>\n","protected":false},"author":41319,"featured_media":0,"parent":0,"menu_order":0,"comment_status":"closed","ping_status":"closed","template":"","meta":{"ngg_post_thumbnail":0,"footnotes":""},"coauthors":[12],"class_list":["post-5498","page","type-page","status-publish","hentry"],"_links":{"self":[{"href":"https:\/\/ppgedumat.ufms.br\/en\/wp-json\/wp\/v2\/pages\/5498","targetHints":{"allow":["GET"]}}],"collection":[{"href":"https:\/\/ppgedumat.ufms.br\/en\/wp-json\/wp\/v2\/pages"}],"about":[{"href":"https:\/\/ppgedumat.ufms.br\/en\/wp-json\/wp\/v2\/types\/page"}],"author":[{"embeddable":true,"href":"https:\/\/ppgedumat.ufms.br\/en\/wp-json\/wp\/v2\/users\/41319"}],"replies":[{"embeddable":true,"href":"https:\/\/ppgedumat.ufms.br\/en\/wp-json\/wp\/v2\/comments?post=5498"}],"version-history":[{"count":21,"href":"https:\/\/ppgedumat.ufms.br\/en\/wp-json\/wp\/v2\/pages\/5498\/revisions"}],"predecessor-version":[{"id":5513,"href":"https:\/\/ppgedumat.ufms.br\/en\/wp-json\/wp\/v2\/pages\/5498\/revisions\/5513"}],"wp:attachment":[{"href":"https:\/\/ppgedumat.ufms.br\/en\/wp-json\/wp\/v2\/media?parent=5498"}],"wp:term":[{"taxonomy":"author","embeddable":true,"href":"https:\/\/ppgedumat.ufms.br\/en\/wp-json\/wp\/v2\/coauthors?post=5498"}],"curies":[{"name":"wp","href":"https:\/\/api.w.org\/{rel}","templated":true}]}}