{"id":3597,"date":"2022-10-29T06:48:31","date_gmt":"2022-10-29T10:48:31","guid":{"rendered":"https:\/\/ppgedumat.ufms.br\/?page_id=3597"},"modified":"2022-10-29T06:48:31","modified_gmt":"2022-10-29T10:48:31","slug":"resolucao-no-372-cpos-mat-inma-de-26-de-outubro-de-2022","status":"publish","type":"page","link":"https:\/\/ppgedumat.ufms.br\/en\/resolucao-no-372-cpos-mat-inma-de-26-de-outubro-de-2022\/","title":{"rendered":"(Portugu\u00eas do Brasil) RESOLU\u00c7\u00c3O N\u00ba 372- CPOS\/MAT\/INMA, DE 26 DE OUTUBRO DE 2022."},"content":{"rendered":"<p class=\"qtranxs-available-languages-message qtranxs-available-languages-message-en\">Sorry, this entry is only available in <a href=\"https:\/\/ppgedumat.ufms.br\/pb\/wp-json\/wp\/v2\/pages\/3597\" class=\"qtranxs-available-language-link qtranxs-available-language-link-pb\" title=\"Portugu\u00eas do Brasil\">Portugu\u00eas do Brasil<\/a>.<\/p>","protected":false},"excerpt":{"rendered":"<p>Sorry, this entry is only available in Portugu\u00eas do Brasil.<\/p>\n","protected":false},"author":13228,"featured_media":0,"parent":0,"menu_order":0,"comment_status":"closed","ping_status":"closed","template":"","meta":{"ngg_post_thumbnail":0,"footnotes":""},"coauthors":[],"class_list":["post-3597","page","type-page","status-publish","hentry"],"_links":{"self":[{"href":"https:\/\/ppgedumat.ufms.br\/en\/wp-json\/wp\/v2\/pages\/3597","targetHints":{"allow":["GET"]}}],"collection":[{"href":"https:\/\/ppgedumat.ufms.br\/en\/wp-json\/wp\/v2\/pages"}],"about":[{"href":"https:\/\/ppgedumat.ufms.br\/en\/wp-json\/wp\/v2\/types\/page"}],"author":[{"embeddable":true,"href":"https:\/\/ppgedumat.ufms.br\/en\/wp-json\/wp\/v2\/users\/13228"}],"replies":[{"embeddable":true,"href":"https:\/\/ppgedumat.ufms.br\/en\/wp-json\/wp\/v2\/comments?post=3597"}],"version-history":[{"count":1,"href":"https:\/\/ppgedumat.ufms.br\/en\/wp-json\/wp\/v2\/pages\/3597\/revisions"}],"predecessor-version":[{"id":3599,"href":"https:\/\/ppgedumat.ufms.br\/en\/wp-json\/wp\/v2\/pages\/3597\/revisions\/3599"}],"wp:attachment":[{"href":"https:\/\/ppgedumat.ufms.br\/en\/wp-json\/wp\/v2\/media?parent=3597"}],"wp:term":[{"taxonomy":"author","embeddable":true,"href":"https:\/\/ppgedumat.ufms.br\/en\/wp-json\/wp\/v2\/coauthors?post=3597"}],"curies":[{"name":"wp","href":"https:\/\/api.w.org\/{rel}","templated":true}]}}