{"id":2689,"date":"2021-09-03T08:21:16","date_gmt":"2021-09-03T12:21:16","guid":{"rendered":"https:\/\/ppgedumat.ufms.br\/?page_id=2689"},"modified":"2025-06-11T16:30:29","modified_gmt":"2025-06-11T20:30:29","slug":"missao-do-programa-de-pos-graduacao","status":"publish","type":"page","link":"https:\/\/ppgedumat.ufms.br\/en\/missao-do-programa-de-pos-graduacao\/","title":{"rendered":"(Portugu\u00eas do Brasil) Miss\u00e3o e Vis\u00e3o do Programa de P\u00f3s-Gradua\u00e7\u00e3o"},"content":{"rendered":"<p class=\"qtranxs-available-languages-message qtranxs-available-languages-message-en\">Sorry, this entry is only available in <a href=\"https:\/\/ppgedumat.ufms.br\/pb\/wp-json\/wp\/v2\/pages\/2689\" class=\"qtranxs-available-language-link qtranxs-available-language-link-pb\" title=\"Portugu\u00eas do Brasil\">Portugu\u00eas do Brasil<\/a>.<\/p>","protected":false},"excerpt":{"rendered":"<p>Sorry, this entry is only available in Portugu\u00eas do Brasil.<\/p>\n","protected":false},"author":2866,"featured_media":0,"parent":0,"menu_order":0,"comment_status":"closed","ping_status":"closed","template":"","meta":{"ngg_post_thumbnail":0,"footnotes":""},"coauthors":[16],"class_list":["post-2689","page","type-page","status-publish","hentry"],"_links":{"self":[{"href":"https:\/\/ppgedumat.ufms.br\/en\/wp-json\/wp\/v2\/pages\/2689","targetHints":{"allow":["GET"]}}],"collection":[{"href":"https:\/\/ppgedumat.ufms.br\/en\/wp-json\/wp\/v2\/pages"}],"about":[{"href":"https:\/\/ppgedumat.ufms.br\/en\/wp-json\/wp\/v2\/types\/page"}],"author":[{"embeddable":true,"href":"https:\/\/ppgedumat.ufms.br\/en\/wp-json\/wp\/v2\/users\/2866"}],"replies":[{"embeddable":true,"href":"https:\/\/ppgedumat.ufms.br\/en\/wp-json\/wp\/v2\/comments?post=2689"}],"version-history":[{"count":9,"href":"https:\/\/ppgedumat.ufms.br\/en\/wp-json\/wp\/v2\/pages\/2689\/revisions"}],"predecessor-version":[{"id":5718,"href":"https:\/\/ppgedumat.ufms.br\/en\/wp-json\/wp\/v2\/pages\/2689\/revisions\/5718"}],"wp:attachment":[{"href":"https:\/\/ppgedumat.ufms.br\/en\/wp-json\/wp\/v2\/media?parent=2689"}],"wp:term":[{"taxonomy":"author","embeddable":true,"href":"https:\/\/ppgedumat.ufms.br\/en\/wp-json\/wp\/v2\/coauthors?post=2689"}],"curies":[{"name":"wp","href":"https:\/\/api.w.org\/{rel}","templated":true}]}}