{"id":2678,"date":"2021-09-02T15:55:29","date_gmt":"2021-09-02T19:55:29","guid":{"rendered":"https:\/\/ppgedumat.ufms.br\/?page_id=2678"},"modified":"2026-03-03T09:44:32","modified_gmt":"2026-03-03T13:44:32","slug":"coordenacao-de-cursos","status":"publish","type":"page","link":"https:\/\/ppgedumat.ufms.br\/en\/coordenacao-de-cursos\/","title":{"rendered":"(Portugu\u00eas do Brasil) Coordena\u00e7\u00e3o de Cursos"},"content":{"rendered":"<p class=\"qtranxs-available-languages-message qtranxs-available-languages-message-en\">Sorry, this entry is only available in <a href=\"https:\/\/ppgedumat.ufms.br\/pb\/wp-json\/wp\/v2\/pages\/2678\" class=\"qtranxs-available-language-link qtranxs-available-language-link-pb\" title=\"Portugu\u00eas do Brasil\">Portugu\u00eas do Brasil<\/a>.<\/p>","protected":false},"excerpt":{"rendered":"<p>Sorry, this entry is only available in Portugu\u00eas do Brasil.<\/p>\n","protected":false},"author":2866,"featured_media":0,"parent":0,"menu_order":0,"comment_status":"closed","ping_status":"closed","template":"","meta":{"ngg_post_thumbnail":0,"footnotes":""},"coauthors":[16],"class_list":["post-2678","page","type-page","status-publish","hentry"],"_links":{"self":[{"href":"https:\/\/ppgedumat.ufms.br\/en\/wp-json\/wp\/v2\/pages\/2678","targetHints":{"allow":["GET"]}}],"collection":[{"href":"https:\/\/ppgedumat.ufms.br\/en\/wp-json\/wp\/v2\/pages"}],"about":[{"href":"https:\/\/ppgedumat.ufms.br\/en\/wp-json\/wp\/v2\/types\/page"}],"author":[{"embeddable":true,"href":"https:\/\/ppgedumat.ufms.br\/en\/wp-json\/wp\/v2\/users\/2866"}],"replies":[{"embeddable":true,"href":"https:\/\/ppgedumat.ufms.br\/en\/wp-json\/wp\/v2\/comments?post=2678"}],"version-history":[{"count":10,"href":"https:\/\/ppgedumat.ufms.br\/en\/wp-json\/wp\/v2\/pages\/2678\/revisions"}],"predecessor-version":[{"id":6103,"href":"https:\/\/ppgedumat.ufms.br\/en\/wp-json\/wp\/v2\/pages\/2678\/revisions\/6103"}],"wp:attachment":[{"href":"https:\/\/ppgedumat.ufms.br\/en\/wp-json\/wp\/v2\/media?parent=2678"}],"wp:term":[{"taxonomy":"author","embeddable":true,"href":"https:\/\/ppgedumat.ufms.br\/en\/wp-json\/wp\/v2\/coauthors?post=2678"}],"curies":[{"name":"wp","href":"https:\/\/api.w.org\/{rel}","templated":true}]}}